{"id":986,"date":"2015-11-30T11:34:55","date_gmt":"2015-11-30T11:34:55","guid":{"rendered":"http:\/\/bikes.loc\/?page_id=986"},"modified":"2021-10-07T18:30:21","modified_gmt":"2021-10-07T16:30:21","slug":"finans","status":"publish","type":"page","link":"https:\/\/trustauto.dk\/index.php\/finans\/","title":{"rendered":"Finansering af bil"},"content":{"rendered":"<p>[vc_row css=&#8221;.vc_custom_1448885303930{margin-top: 60px !important;}&#8221;][vc_column offset=&#8221;vc_col-lg-9&#8243;][vc_toggle title=&#8221;Al finans&#8221; open=&#8221;true&#8221; el_id=&#8221;1448883155611-13bd3268-1e1e&#8221;]<strong>AL Finans A\/S<\/strong><\/p>\n<p>AL Finans A\/S har eksisteret siden 1935 og er et datterselskab af Arbejdernes Landsbank. Vores finansielle bagland er derfor s\u00e6rdeles st\u00e6rkt.<\/p>\n<p>Vi tilbyder finansieringsl\u00f8sninger inden for l\u00e5n, leasing og factoring.<\/p>\n<p>AL Finans \u00f8nsker langvarige kunderelationer gennem en t\u00e6t dialog, hvor vi sammen finder frem til de bedst t\u00e6nkelige finansieringsl\u00f8sninger for dig og din virksomhed.<\/p>\n<p>Vi er medlem af interesseorganisationen for danske finansieringsselskaber &#8211; Finans og Leasing.<\/p>\n<p>Alle medlemmer er underlagt et kodeks for god forretningsskik, som er med til at sikre en h\u00f8j standard for den adf\u00e6rd, vi udviser i forhold til vores kunder.<\/p>\n<p>Se endvidere vores hjemmeside www.al-finans.dk<\/p>\n<p>Sammen med AL Finans kan Trust Auto tilbyde dig konkurrencedygtige priser p\u00e5 finansiering af din nye eller brugte bil, motorcykel og campingvogn.<\/p>\n<p>Du v\u00e6lger naturligvis selv, om du \u00f8nsker fast eller variabel rente.<\/p>\n<p>Hos Trust Auto finder du AL Finans&#8217; online finansieringssystem, hvor du kan ans\u00f8ge om finansiering 24 timer i d\u00f8gnet og f\u00e5 svar inden for 1 minut.<\/p>\n<ul>\n<li>Hurtigt svar p\u00e5 finansiering &#8211; 24 timer i d\u00f8gnet<\/li>\n<li>Finansieringen er ofte billigere end i banken<\/li>\n<li>Du bevarer dine l\u00e5nemuligheder i banken<\/li>\n<li>Finansieringen tilpasses den aktuelle bil<\/li>\n<li>H\u00f8j kundetilfredshed hos AL Finans<\/li>\n<li>Det tager kun f\u00e5 minutter at beregne et forslag, der passer til din \u00f8konomi.<\/li>\n<\/ul>\n<p>Lad os klare finansiering og lad de fornuftige priser og gode vilk\u00e5r komme dig til gode<\/p>\n<p>Ring eller send en mail og f\u00e5 et personligt tilbud og h\u00f8r n\u00e6rmere om de gode vilk\u00e5r!<\/p>\n<p>Papirerne underskriver du ogs\u00e5 hos Trust Auto, n\u00e5r du har truffet aftale om vilk\u00e5rene. Hvis du st\u00e5r registreret i RKI og lignende, er det imidlertid normalt vanskeligt at f\u00e5 etableret bilfinansiering.<\/p>\n<p>Du kan v\u00e6lge variabel eller fast rente. Fast rente giver maksimal budgetsikkerhed med en fast m\u00e5nedlig ydelse i hele l\u00e5neperioden- medens l\u00f8betiden med variabel rente kan blive forkortet eller forl\u00e6nget afh\u00e6ngig af om renten falder eller stiger. Hvis du v\u00e6lger variabel rente, vil AL Finans altid f\u00f8lge Nationalbankens Indskudsbevisrente &#8211; det giver tryghed og langt mindre risiko for utidige rente\u00e6ndringer.[\/vc_toggle][vc_toggle title=&#8221;Santander bank&#8221; open=&#8221;true&#8221;]Ans\u00f8g om bill\u00e5n<\/p>\n<p>Ans\u00f8g uforpligtende p\u00e5 5 minutter<br \/>\n\u2022 Variabel debitorrente fra\u00a01,99%<br \/>\n\u2022 den endelige rente vil fremg\u00e5, n\u00e5r ans\u00f8gningsflowet er gennemf\u00f8rt*<br \/>\n\u2022 F\u00e5 svar med det samme<\/p>\n<p>Hvorfor v\u00e6lge et bill\u00e5n hos os?<\/p>\n<p>Der er mange grunde til at v\u00e6lge os, n\u00e5r du skal ud og finde et l\u00e5n til en bil.<\/p>\n<p>Med os i bagh\u00e5nden er du sikret, at du har den forn\u00f8dne \u00f8konomi, og alt g\u00e5r efter bogen, s\u00e5 du ikke skal bekymre dig om noget.<\/p>\n<p>Vi sikrer handlen fra start til slut, s\u00e5 du blot skal bruge kr\u00e6fter p\u00e5 at nyde din nye bil.<\/p>\n<p>Med bilfinansiering gennem Santander Consumer, har du derfor god grund til at f\u00f8le dig tryg ved dit k\u00f8b og aftaleindg\u00e5else.<\/p>\n<p>Vores mange \u00e5rs erfaring inden for branchen, har nemlig gjort os i stand til at r\u00e5dgive dig p\u00e5 bedst mulig vis.[\/vc_toggle][\/vc_column][\/vc_row]<\/p>\n","protected":false},"excerpt":{"rendered":"<p>[vc_row css=&#8221;.vc_custom_1448885303930{margin-top: 60px !important;}&#8221;][vc_column offset=&#8221;vc_col-lg-9&#8243;][vc_toggle title=&#8221;Al finans&#8221; open=&#8221;true&#8221; el_id=&#8221;1448883155611-13bd3268-1e1e&#8221;]AL Finans A\/S AL Finans A\/S har eksisteret siden 1935 og er et datterselskab af Arbejdernes Landsbank. Vores finansielle bagland er derfor s\u00e6rdeles st\u00e6rkt. Vi tilbyder finansieringsl\u00f8sninger inden for l\u00e5n, leasing og factoring. AL Finans \u00f8nsker langvarige kunderelationer gennem en t\u00e6t dialog, hvor vi sammen finder frem&#8230;<\/p>\n","protected":false},"author":1,"featured_media":0,"parent":0,"menu_order":0,"comment_status":"closed","ping_status":"closed","template":"","meta":[],"yoast_head":"<!-- This site is optimized with the Yoast SEO plugin v17.3 - https:\/\/yoast.com\/wordpress\/plugins\/seo\/ -->\n<title>Finansering af bil - Trust Auto<\/title>\n<meta name=\"robots\" content=\"index, follow, max-snippet:-1, max-image-preview:large, max-video-preview:-1\" \/>\n<link rel=\"canonical\" href=\"https:\/\/trustauto.dk\/index.php\/finans\/\" \/>\n<meta property=\"og:locale\" content=\"da_DK\" \/>\n<meta property=\"og:type\" content=\"article\" \/>\n<meta property=\"og:title\" content=\"Finansering af bil - Trust Auto\" \/>\n<meta property=\"og:description\" content=\"[vc_row css=&#8221;.vc_custom_1448885303930{margin-top: 60px !important;}&#8221;][vc_column offset=&#8221;vc_col-lg-9&#8243;][vc_toggle title=&#8221;Al finans&#8221; open=&#8221;true&#8221; el_id=&#8221;1448883155611-13bd3268-1e1e&#8221;]AL Finans A\/S AL Finans A\/S har eksisteret siden 1935 og er et datterselskab af Arbejdernes Landsbank. Vores finansielle bagland er derfor s\u00e6rdeles st\u00e6rkt. Vi tilbyder finansieringsl\u00f8sninger inden for l\u00e5n, leasing og factoring. AL Finans \u00f8nsker langvarige kunderelationer gennem en t\u00e6t dialog, hvor vi sammen finder frem...\" \/>\n<meta property=\"og:url\" content=\"https:\/\/trustauto.dk\/index.php\/finans\/\" \/>\n<meta property=\"og:site_name\" content=\"Trust Auto\" \/>\n<meta property=\"article:modified_time\" content=\"2021-10-07T16:30:21+00:00\" \/>\n<meta name=\"twitter:card\" content=\"summary_large_image\" \/>\n<meta name=\"twitter:label1\" content=\"Estimeret l\u00e6setid\" \/>\n\t<meta name=\"twitter:data1\" content=\"3 minutter\" \/>\n<script type=\"application\/ld+json\" class=\"yoast-schema-graph\">{\"@context\":\"https:\/\/schema.org\",\"@graph\":[{\"@type\":\"WebSite\",\"@id\":\"https:\/\/trustauto.dk\/#website\",\"url\":\"https:\/\/trustauto.dk\/\",\"name\":\"Trust Auto\",\"description\":\"Vi s\\u00e6lger k\\u00f8regl\\u00e6de!\",\"potentialAction\":[{\"@type\":\"SearchAction\",\"target\":{\"@type\":\"EntryPoint\",\"urlTemplate\":\"https:\/\/trustauto.dk\/?s={search_term_string}\"},\"query-input\":\"required name=search_term_string\"}],\"inLanguage\":\"da-DK\"},{\"@type\":\"WebPage\",\"@id\":\"https:\/\/trustauto.dk\/index.php\/finans\/#webpage\",\"url\":\"https:\/\/trustauto.dk\/index.php\/finans\/\",\"name\":\"Finansering af bil - Trust Auto\",\"isPartOf\":{\"@id\":\"https:\/\/trustauto.dk\/#website\"},\"datePublished\":\"2015-11-30T11:34:55+00:00\",\"dateModified\":\"2021-10-07T16:30:21+00:00\",\"breadcrumb\":{\"@id\":\"https:\/\/trustauto.dk\/index.php\/finans\/#breadcrumb\"},\"inLanguage\":\"da-DK\",\"potentialAction\":[{\"@type\":\"ReadAction\",\"target\":[\"https:\/\/trustauto.dk\/index.php\/finans\/\"]}]},{\"@type\":\"BreadcrumbList\",\"@id\":\"https:\/\/trustauto.dk\/index.php\/finans\/#breadcrumb\",\"itemListElement\":[{\"@type\":\"ListItem\",\"position\":1,\"name\":\"Hjem\",\"item\":\"http:\/\/trustauto.dk\/\"},{\"@type\":\"ListItem\",\"position\":2,\"name\":\"Finansering af bil\"}]}]}<\/script>\n<!-- \/ Yoast SEO plugin. -->","yoast_head_json":{"title":"Finansering af bil - Trust Auto","robots":{"index":"index","follow":"follow","max-snippet":"max-snippet:-1","max-image-preview":"max-image-preview:large","max-video-preview":"max-video-preview:-1"},"canonical":"https:\/\/trustauto.dk\/index.php\/finans\/","og_locale":"da_DK","og_type":"article","og_title":"Finansering af bil - Trust Auto","og_description":"[vc_row css=&#8221;.vc_custom_1448885303930{margin-top: 60px !important;}&#8221;][vc_column offset=&#8221;vc_col-lg-9&#8243;][vc_toggle title=&#8221;Al finans&#8221; open=&#8221;true&#8221; el_id=&#8221;1448883155611-13bd3268-1e1e&#8221;]AL Finans A\/S AL Finans A\/S har eksisteret siden 1935 og er et datterselskab af Arbejdernes Landsbank. Vores finansielle bagland er derfor s\u00e6rdeles st\u00e6rkt. Vi tilbyder finansieringsl\u00f8sninger inden for l\u00e5n, leasing og factoring. AL Finans \u00f8nsker langvarige kunderelationer gennem en t\u00e6t dialog, hvor vi sammen finder frem...","og_url":"https:\/\/trustauto.dk\/index.php\/finans\/","og_site_name":"Trust Auto","article_modified_time":"2021-10-07T16:30:21+00:00","twitter_card":"summary_large_image","twitter_misc":{"Estimeret l\u00e6setid":"3 minutter"},"schema":{"@context":"https:\/\/schema.org","@graph":[{"@type":"WebSite","@id":"https:\/\/trustauto.dk\/#website","url":"https:\/\/trustauto.dk\/","name":"Trust Auto","description":"Vi s\u00e6lger k\u00f8regl\u00e6de!","potentialAction":[{"@type":"SearchAction","target":{"@type":"EntryPoint","urlTemplate":"https:\/\/trustauto.dk\/?s={search_term_string}"},"query-input":"required name=search_term_string"}],"inLanguage":"da-DK"},{"@type":"WebPage","@id":"https:\/\/trustauto.dk\/index.php\/finans\/#webpage","url":"https:\/\/trustauto.dk\/index.php\/finans\/","name":"Finansering af bil - Trust Auto","isPartOf":{"@id":"https:\/\/trustauto.dk\/#website"},"datePublished":"2015-11-30T11:34:55+00:00","dateModified":"2021-10-07T16:30:21+00:00","breadcrumb":{"@id":"https:\/\/trustauto.dk\/index.php\/finans\/#breadcrumb"},"inLanguage":"da-DK","potentialAction":[{"@type":"ReadAction","target":["https:\/\/trustauto.dk\/index.php\/finans\/"]}]},{"@type":"BreadcrumbList","@id":"https:\/\/trustauto.dk\/index.php\/finans\/#breadcrumb","itemListElement":[{"@type":"ListItem","position":1,"name":"Hjem","item":"http:\/\/trustauto.dk\/"},{"@type":"ListItem","position":2,"name":"Finansering af bil"}]}]}},"_links":{"self":[{"href":"https:\/\/trustauto.dk\/index.php\/wp-json\/wp\/v2\/pages\/986"}],"collection":[{"href":"https:\/\/trustauto.dk\/index.php\/wp-json\/wp\/v2\/pages"}],"about":[{"href":"https:\/\/trustauto.dk\/index.php\/wp-json\/wp\/v2\/types\/page"}],"author":[{"embeddable":true,"href":"https:\/\/trustauto.dk\/index.php\/wp-json\/wp\/v2\/users\/1"}],"replies":[{"embeddable":true,"href":"https:\/\/trustauto.dk\/index.php\/wp-json\/wp\/v2\/comments?post=986"}],"version-history":[{"count":2,"href":"https:\/\/trustauto.dk\/index.php\/wp-json\/wp\/v2\/pages\/986\/revisions"}],"predecessor-version":[{"id":4470,"href":"https:\/\/trustauto.dk\/index.php\/wp-json\/wp\/v2\/pages\/986\/revisions\/4470"}],"wp:attachment":[{"href":"https:\/\/trustauto.dk\/index.php\/wp-json\/wp\/v2\/media?parent=986"}],"curies":[{"name":"wp","href":"https:\/\/api.w.org\/{rel}","templated":true}]}}