{"id":712,"date":"2015-11-18T05:22:15","date_gmt":"2015-11-18T05:22:15","guid":{"rendered":"http:\/\/bikes.loc\/?page_id=712"},"modified":"2021-10-07T20:35:56","modified_gmt":"2021-10-07T18:35:56","slug":"kontakt-os","status":"publish","type":"page","link":"https:\/\/trustauto.dk\/index.php\/kontakt-os\/","title":{"rendered":"Kontakt os"},"content":{"rendered":"<p>[vc_row full_width=&#8221;stretch_row&#8221; content_placement=&#8221;middle&#8221; parallax=&#8221;content-moving&#8221; parallax_image=&#8221;475&#8243; css=&#8221;.vc_custom_1633631751655{margin-bottom: 0px !important;padding-top: 311px !important;background: #0a0a0a url(http:\/\/trustauto.dk\/wp-content\/uploads\/2021\/10\/placeholder.gif?id=4480);background-position: center;background-repeat: no-repeat !important;background-size: cover !important;}&#8221;][vc_column][\/vc_column][\/vc_row][vc_row css=&#8221;.vc_custom_1447829274492{margin-top: -177px !important;margin-bottom: 64px !important;}&#8221;][vc_column][stm_contact_form form=&#8221;717&#8243; title=&#8221;Kontakt os&#8221; css=&#8221;.vc_custom_1633623422064{padding-top: 30px !important;padding-right: 30px !important;padding-bottom: 30px !important;padding-left: 30px !important;background-color: #2f3c40 !important;}&#8221;][\/vc_column][\/vc_row][vc_row css=&#8221;.vc_custom_1452251533394{margin-bottom: 40px !important;}&#8221;][vc_column css=&#8221;.vc_custom_1448867270861{margin-bottom: 25px !important;}&#8221; offset=&#8221;vc_col-lg-8 vc_col-md-12&#8243;][\/vc_column][\/vc_row]<\/p>\n","protected":false},"excerpt":{"rendered":"<p>[vc_row full_width=&#8221;stretch_row&#8221; content_placement=&#8221;middle&#8221; parallax=&#8221;content-moving&#8221; parallax_image=&#8221;475&#8243; css=&#8221;.vc_custom_1633631751655{margin-bottom: 0px !important;padding-top: 311px !important;background: #0a0a0a url(http:\/\/trustauto.dk\/wp-content\/uploads\/2021\/10\/placeholder.gif?id=4480);background-position: center;background-repeat: no-repeat !important;background-size: cover !important;}&#8221;][vc_column][\/vc_column][\/vc_row][vc_row css=&#8221;.vc_custom_1447829274492{margin-top: -177px !important;margin-bottom: 64px !important;}&#8221;][vc_column][stm_contact_form form=&#8221;717&#8243; title=&#8221;Kontakt os&#8221; css=&#8221;.vc_custom_1633623422064{padding-top: 30px !important;padding-right: 30px !important;padding-bottom: 30px !important;padding-left: 30px !important;background-color: #2f3c40 !important;}&#8221;][\/vc_column][\/vc_row][vc_row css=&#8221;.vc_custom_1452251533394{margin-bottom: 40px !important;}&#8221;][vc_column css=&#8221;.vc_custom_1448867270861{margin-bottom: 25px !important;}&#8221; offset=&#8221;vc_col-lg-8 vc_col-md-12&#8243;][\/vc_column][\/vc_row]<\/p>\n","protected":false},"author":1,"featured_media":0,"parent":0,"menu_order":0,"comment_status":"closed","ping_status":"closed","template":"","meta":[],"yoast_head":"<!-- This site is optimized with the Yoast SEO plugin v17.3 - https:\/\/yoast.com\/wordpress\/plugins\/seo\/ -->\n<title>Kontakt os - Trust Auto<\/title>\n<meta name=\"robots\" content=\"index, follow, max-snippet:-1, max-image-preview:large, max-video-preview:-1\" \/>\n<link rel=\"canonical\" href=\"http:\/\/trustauto.dk\/index.php\/kontakt-os\/\" \/>\n<meta property=\"og:locale\" content=\"da_DK\" \/>\n<meta property=\"og:type\" content=\"article\" \/>\n<meta property=\"og:title\" content=\"Kontakt os - Trust Auto\" \/>\n<meta property=\"og:description\" content=\"[vc_row full_width=&#8221;stretch_row&#8221; content_placement=&#8221;middle&#8221; parallax=&#8221;content-moving&#8221; parallax_image=&#8221;475&#8243; css=&#8221;.vc_custom_1633631751655{margin-bottom: 0px !important;padding-top: 311px !important;background: #0a0a0a url(http:\/\/trustauto.dk\/wp-content\/uploads\/2021\/10\/placeholder.gif?id=4480);background-position: center;background-repeat: no-repeat !important;background-size: cover !important;}&#8221;][vc_column][\/vc_column][\/vc_row][vc_row css=&#8221;.vc_custom_1447829274492{margin-top: -177px !important;margin-bottom: 64px !important;}&#8221;][vc_column][stm_contact_form form=&#8221;717&#8243; title=&#8221;Kontakt os&#8221; css=&#8221;.vc_custom_1633623422064{padding-top: 30px !important;padding-right: 30px !important;padding-bottom: 30px !important;padding-left: 30px !important;background-color: #2f3c40 !important;}&#8221;][\/vc_column][\/vc_row][vc_row css=&#8221;.vc_custom_1452251533394{margin-bottom: 40px !important;}&#8221;][vc_column css=&#8221;.vc_custom_1448867270861{margin-bottom: 25px !important;}&#8221; offset=&#8221;vc_col-lg-8 vc_col-md-12&#8243;][\/vc_column][\/vc_row]\" \/>\n<meta property=\"og:url\" content=\"http:\/\/trustauto.dk\/index.php\/kontakt-os\/\" \/>\n<meta property=\"og:site_name\" content=\"Trust Auto\" \/>\n<meta property=\"article:modified_time\" content=\"2021-10-07T18:35:56+00:00\" \/>\n<meta name=\"twitter:card\" content=\"summary_large_image\" \/>\n<meta name=\"twitter:label1\" content=\"Estimeret l\u00e6setid\" \/>\n\t<meta name=\"twitter:data1\" content=\"1 minut\" \/>\n<script type=\"application\/ld+json\" class=\"yoast-schema-graph\">{\"@context\":\"https:\/\/schema.org\",\"@graph\":[{\"@type\":\"WebSite\",\"@id\":\"https:\/\/trustauto.dk\/#website\",\"url\":\"https:\/\/trustauto.dk\/\",\"name\":\"Trust Auto\",\"description\":\"Vi s\\u00e6lger k\\u00f8regl\\u00e6de!\",\"potentialAction\":[{\"@type\":\"SearchAction\",\"target\":{\"@type\":\"EntryPoint\",\"urlTemplate\":\"https:\/\/trustauto.dk\/?s={search_term_string}\"},\"query-input\":\"required name=search_term_string\"}],\"inLanguage\":\"da-DK\"},{\"@type\":\"WebPage\",\"@id\":\"http:\/\/trustauto.dk\/index.php\/kontakt-os\/#webpage\",\"url\":\"http:\/\/trustauto.dk\/index.php\/kontakt-os\/\",\"name\":\"Kontakt os - Trust Auto\",\"isPartOf\":{\"@id\":\"https:\/\/trustauto.dk\/#website\"},\"datePublished\":\"2015-11-18T05:22:15+00:00\",\"dateModified\":\"2021-10-07T18:35:56+00:00\",\"breadcrumb\":{\"@id\":\"http:\/\/trustauto.dk\/index.php\/kontakt-os\/#breadcrumb\"},\"inLanguage\":\"da-DK\",\"potentialAction\":[{\"@type\":\"ReadAction\",\"target\":[\"http:\/\/trustauto.dk\/index.php\/kontakt-os\/\"]}]},{\"@type\":\"BreadcrumbList\",\"@id\":\"http:\/\/trustauto.dk\/index.php\/kontakt-os\/#breadcrumb\",\"itemListElement\":[{\"@type\":\"ListItem\",\"position\":1,\"name\":\"Hjem\",\"item\":\"http:\/\/trustauto.dk\/\"},{\"@type\":\"ListItem\",\"position\":2,\"name\":\"Kontakt os\"}]}]}<\/script>\n<!-- \/ Yoast SEO plugin. -->","yoast_head_json":{"title":"Kontakt os - Trust Auto","robots":{"index":"index","follow":"follow","max-snippet":"max-snippet:-1","max-image-preview":"max-image-preview:large","max-video-preview":"max-video-preview:-1"},"canonical":"http:\/\/trustauto.dk\/index.php\/kontakt-os\/","og_locale":"da_DK","og_type":"article","og_title":"Kontakt os - Trust Auto","og_description":"[vc_row full_width=&#8221;stretch_row&#8221; content_placement=&#8221;middle&#8221; parallax=&#8221;content-moving&#8221; parallax_image=&#8221;475&#8243; css=&#8221;.vc_custom_1633631751655{margin-bottom: 0px !important;padding-top: 311px !important;background: #0a0a0a url(http:\/\/trustauto.dk\/wp-content\/uploads\/2021\/10\/placeholder.gif?id=4480);background-position: center;background-repeat: no-repeat !important;background-size: cover !important;}&#8221;][vc_column][\/vc_column][\/vc_row][vc_row css=&#8221;.vc_custom_1447829274492{margin-top: -177px !important;margin-bottom: 64px !important;}&#8221;][vc_column][stm_contact_form form=&#8221;717&#8243; title=&#8221;Kontakt os&#8221; css=&#8221;.vc_custom_1633623422064{padding-top: 30px !important;padding-right: 30px !important;padding-bottom: 30px !important;padding-left: 30px !important;background-color: #2f3c40 !important;}&#8221;][\/vc_column][\/vc_row][vc_row css=&#8221;.vc_custom_1452251533394{margin-bottom: 40px !important;}&#8221;][vc_column css=&#8221;.vc_custom_1448867270861{margin-bottom: 25px !important;}&#8221; offset=&#8221;vc_col-lg-8 vc_col-md-12&#8243;][\/vc_column][\/vc_row]","og_url":"http:\/\/trustauto.dk\/index.php\/kontakt-os\/","og_site_name":"Trust Auto","article_modified_time":"2021-10-07T18:35:56+00:00","twitter_card":"summary_large_image","twitter_misc":{"Estimeret l\u00e6setid":"1 minut"},"schema":{"@context":"https:\/\/schema.org","@graph":[{"@type":"WebSite","@id":"https:\/\/trustauto.dk\/#website","url":"https:\/\/trustauto.dk\/","name":"Trust Auto","description":"Vi s\u00e6lger k\u00f8regl\u00e6de!","potentialAction":[{"@type":"SearchAction","target":{"@type":"EntryPoint","urlTemplate":"https:\/\/trustauto.dk\/?s={search_term_string}"},"query-input":"required name=search_term_string"}],"inLanguage":"da-DK"},{"@type":"WebPage","@id":"http:\/\/trustauto.dk\/index.php\/kontakt-os\/#webpage","url":"http:\/\/trustauto.dk\/index.php\/kontakt-os\/","name":"Kontakt os - Trust Auto","isPartOf":{"@id":"https:\/\/trustauto.dk\/#website"},"datePublished":"2015-11-18T05:22:15+00:00","dateModified":"2021-10-07T18:35:56+00:00","breadcrumb":{"@id":"http:\/\/trustauto.dk\/index.php\/kontakt-os\/#breadcrumb"},"inLanguage":"da-DK","potentialAction":[{"@type":"ReadAction","target":["http:\/\/trustauto.dk\/index.php\/kontakt-os\/"]}]},{"@type":"BreadcrumbList","@id":"http:\/\/trustauto.dk\/index.php\/kontakt-os\/#breadcrumb","itemListElement":[{"@type":"ListItem","position":1,"name":"Hjem","item":"http:\/\/trustauto.dk\/"},{"@type":"ListItem","position":2,"name":"Kontakt os"}]}]}},"_links":{"self":[{"href":"https:\/\/trustauto.dk\/index.php\/wp-json\/wp\/v2\/pages\/712"}],"collection":[{"href":"https:\/\/trustauto.dk\/index.php\/wp-json\/wp\/v2\/pages"}],"about":[{"href":"https:\/\/trustauto.dk\/index.php\/wp-json\/wp\/v2\/types\/page"}],"author":[{"embeddable":true,"href":"https:\/\/trustauto.dk\/index.php\/wp-json\/wp\/v2\/users\/1"}],"replies":[{"embeddable":true,"href":"https:\/\/trustauto.dk\/index.php\/wp-json\/wp\/v2\/comments?post=712"}],"version-history":[{"count":7,"href":"https:\/\/trustauto.dk\/index.php\/wp-json\/wp\/v2\/pages\/712\/revisions"}],"predecessor-version":[{"id":4483,"href":"https:\/\/trustauto.dk\/index.php\/wp-json\/wp\/v2\/pages\/712\/revisions\/4483"}],"wp:attachment":[{"href":"https:\/\/trustauto.dk\/index.php\/wp-json\/wp\/v2\/media?parent=712"}],"curies":[{"name":"wp","href":"https:\/\/api.w.org\/{rel}","templated":true}]}}