{"id":4300,"date":"2015-09-18T09:48:28","date_gmt":"2015-09-18T09:48:28","guid":{"rendered":"http:\/\/bikes.loc\/?page_id=5"},"modified":"2021-10-07T21:02:27","modified_gmt":"2021-10-07T19:02:27","slug":"trust-auto-soenderborg","status":"publish","type":"page","link":"http:\/\/trustauto.dk\/","title":{"rendered":"Forside"},"content":{"rendered":"<p>[vc_row full_width=&#8221;stretch_row&#8221; css=&#8221;.vc_custom_1448545243300{margin-bottom: 0px !important;}&#8221; el_class=&#8221;stm-slider-nice-height&#8221;][vc_column][rev_slider_vc alias=&#8221;home_slider&#8221;][\/vc_column][\/vc_row][vc_row css=&#8221;.vc_custom_1633630796686{padding-top: 116px !important;padding-bottom: 26px !important;background-image: url(http:\/\/trustauto.dk\/wp-content\/uploads\/2021\/10\/placeholder.gif?id=4480) !important;}&#8221; el_class=&#8221;stm-fullwidth-with-parallax&#8221;][vc_column width=&#8221;1\/2&#8243;][stm_icon_box title_holder=&#8221;h4&#8243; style_layout=&#8221;boats&#8221; icon=&#8221;stm-icon-calendar&#8221; title=&#8221;TIDSBESTILLING TIL V\u00c6RKSTED&#8221; box_text_color=&#8221;#ffffff&#8221; line_height=&#8221;20&#8243; box_bg_color=&#8221;rgba(255,255,255,0.01)&#8221; box_text_color_hover=&#8221;#ffffff&#8221; icon_size=&#8221;49&#8243; css_icon=&#8221;.vc_custom_1633626015423{margin-right: 20px !important;margin-left: 7px !important;}&#8221;]<span style=\"color: rgba(255,255,255,0.8);\">Reparationer og servicering af alle biltyper og bilm\u00e6rker, vi har ogs\u00e5 orginal testudstyr til Audi,VW,SKODA OG SEAT. <\/span>[\/stm_icon_box][stm_icon_box title_holder=&#8221;h4&#8243; style_layout=&#8221;boats&#8221; icon=&#8221;stm-service-icon-cash_dollar&#8221; title=&#8221;LEVERINGSOMKOSTINGER&#8221; box_text_color=&#8221;#ffffff&#8221; line_height=&#8221;20&#8243; box_bg_color=&#8221;rgba(255,255,255,0.01)&#8221; box_text_color_hover=&#8221;#ffffff&#8221; icon_size=&#8221;49&#8243; css_icon=&#8221;.vc_custom_1633625648636{margin-right: 23px !important;margin-left: 4px !important;}&#8221;]<span style=\"color: rgba(255,255,255,0.8);\">Alle priser p\u00e5 bilerne til private &amp; erhverv er inkl. leveringsomkostninger<\/span>[\/stm_icon_box][\/vc_column][vc_column width=&#8221;1\/2&#8243;][stm_icon_box title_holder=&#8221;h4&#8243; style_layout=&#8221;boats&#8221; icon=&#8221;stm-service-icon-diagnostic_monitor&#8221; title=&#8221;GRATIS DIAGNOSE AF BIL VED REPARATION&#8221; box_text_color=&#8221;#ffffff&#8221; line_height=&#8221;20&#8243; box_bg_color=&#8221;rgba(255,255,255,0.01)&#8221; box_text_color_hover=&#8221;#ffffff&#8221; icon_size=&#8221;44&#8243; css_icon=&#8221;.vc_custom_1633626257662{margin-right: 24px !important;margin-left: 7px !important;}&#8221;]<span style=\"color: rgba(255,255,255,0.8);\">Vidste du at ved reparation er diagnosen og fejls\u00f8gningen altid gratis ved os?<\/span>[\/stm_icon_box][stm_icon_box title_holder=&#8221;h4&#8243; style_layout=&#8221;boats&#8221; icon=&#8221;stm-service-icon-like_it&#8221; title=&#8221;Vi lever af tilfredse kunder&#8221; box_text_color=&#8221;#ffffff&#8221; line_height=&#8221;20&#8243; box_bg_color=&#8221;rgba(255,255,255,0.01)&#8221; box_text_color_hover=&#8221;#ffffff&#8221; icon_size=&#8221;43&#8243; css_icon=&#8221;.vc_custom_1633626529025{margin-right: 24px !important;margin-left: 8px !important;}&#8221;]<span style=\"color: rgba(255,255,255,0.8);\">Hos Trust Auto er h\u00f8j kvalitet omdrejningspunket for hele vores virksomhed, og vi leverer kun biler, som vi til enhver tid kan st\u00e5 inde for. Med erfaring og service s\u00f8rger vi altid for vores biler er nysynet ved levering. Hos os er priserne altid markedsdygtigte, bilerne er klargjorte p\u00e5 eget v\u00e6rksted..<\/span>[\/stm_icon_box][\/vc_column][\/vc_row][vc_row css=&#8221;.vc_custom_1471239417907{padding-top: 86px !important;padding-bottom: 53px !important;}&#8221;][vc_column width=&#8221;1\/2&#8243; css=&#8221;.vc_custom_1470978550446{margin-bottom: 30px !important;}&#8221;][vc_custom_heading text=&#8221;Cargarantie &#8211; Vi tager risikoen!&#8221; font_container=&#8221;tag:h2|font_size:32px|text_align:left|color:%23ffffff|line_height:36px&#8221; use_theme_fonts=&#8221;yes&#8221; css=&#8221;.vc_custom_1633624449105{margin-bottom: 32px !important;}&#8221;][stm_color_separator style=&#8221;style_2&#8243; css=&#8221;.vc_custom_1471948825099{margin-bottom: 13px !important;}&#8221;][vc_column_text]<\/p>\n<p class=\"v1x_p3\">Stig ind, tag af sted, og k\u00f8r trygt. Med dit k\u00f8ret\u00f8j erobrer du vejene. Godt at have en p\u00e5lidelig partner ved din side, hvis uheldet skulle v\u00e6re ude. For selv ved biler, der er helt i orden, kan man ikke udelukke senere skader.<\/p>\n<p class=\"v1x_p3\">Med en forsikring fra CarGarantie er du p\u00e5 den sikre side og skal ikke gribe dybt i lommen ved uventede reparationsomkostninger. P\u00e5 den m\u00e5de bevarer du pole position, selv ved overraskelser.<\/p>\n<p class=\"v1x_p3\">Du kan v\u00e6lge mellem flere forskellige m\u00e5der at blive d\u00e6kket p\u00e5.<\/p>\n<p class=\"v1x_p3\">Kontakt os\u00a0<a href=\"http:\/\/trustauto.dk\/kontakt-os\/\">her<\/a>\u00a0og h\u00f8r om mulighederne til netop den bil som du er interesseret i.<\/p>\n<p>[\/vc_column_text][\/vc_column][vc_column width=&#8221;1\/2&#8243; css=&#8221;.vc_custom_1470979592702{margin-top: 17px !important;}&#8221;][vc_single_image image=&#8221;4475&#8243; img_size=&#8221;full&#8221; alignment=&#8221;center&#8221;][\/vc_column][\/vc_row][vc_row full_width=&#8221;stretch_row&#8221; css=&#8221;.vc_custom_1470982903047{padding-top: 27px !important;padding-bottom: 12px !important;background-color: #243136 !important;}&#8221;][vc_column][stm_row_icons filter_selected=&#8221;make&#8221;][\/vc_column][\/vc_row]<\/p>\n","protected":false},"excerpt":{"rendered":"<p>[vc_row full_width=&#8221;stretch_row&#8221; css=&#8221;.vc_custom_1448545243300{margin-bottom: 0px !important;}&#8221; el_class=&#8221;stm-slider-nice-height&#8221;][vc_column][rev_slider_vc alias=&#8221;home_slider&#8221;][\/vc_column][\/vc_row][vc_row css=&#8221;.vc_custom_1633630796686{padding-top: 116px !important;padding-bottom: 26px !important;background-image: url(http:\/\/trustauto.dk\/wp-content\/uploads\/2021\/10\/placeholder.gif?id=4480) !important;}&#8221; el_class=&#8221;stm-fullwidth-with-parallax&#8221;][vc_column width=&#8221;1\/2&#8243;][stm_icon_box title_holder=&#8221;h4&#8243; style_layout=&#8221;boats&#8221; icon=&#8221;stm-icon-calendar&#8221; title=&#8221;TIDSBESTILLING TIL V\u00c6RKSTED&#8221; box_text_color=&#8221;#ffffff&#8221; line_height=&#8221;20&#8243; box_bg_color=&#8221;rgba(255,255,255,0.01)&#8221; box_text_color_hover=&#8221;#ffffff&#8221; icon_size=&#8221;49&#8243; css_icon=&#8221;.vc_custom_1633626015423{margin-right: 20px !important;margin-left: 7px !important;}&#8221;]Reparationer og servicering af alle biltyper og bilm\u00e6rker, vi har ogs\u00e5 orginal testudstyr til Audi,VW,SKODA OG SEAT. [\/stm_icon_box][stm_icon_box title_holder=&#8221;h4&#8243; style_layout=&#8221;boats&#8221; icon=&#8221;stm-service-icon-cash_dollar&#8221; title=&#8221;LEVERINGSOMKOSTINGER&#8221; box_text_color=&#8221;#ffffff&#8221; line_height=&#8221;20&#8243;&#8230;<\/p>\n","protected":false},"author":1,"featured_media":0,"parent":0,"menu_order":0,"comment_status":"closed","ping_status":"closed","template":"","meta":[],"yoast_head":"<!-- This site is optimized with the Yoast SEO plugin v17.3 - https:\/\/yoast.com\/wordpress\/plugins\/seo\/ -->\n<title>Forside - Trust Auto<\/title>\n<meta name=\"description\" content=\"Hos Trust Auto i S\u00f8nderborg er h\u00f8j kvalitet omdrejningspunket for hele vores virksomhed, og vi leverer kun biler, som vi til enhver tid kan st\u00e5 inde for. Med erfaring og service s\u00f8rger vi altid for vores biler er nysynet ved levering. Hos os er priserne altid markedsdygtigte, bilerne er klargjorte p\u00e5 eget v\u00e6rksted. Tryghed og sikkerhed er n\u00f8gleord og derfor har du naturligvis garanti for at bilerne er uden restg\u00e6ld og de leveres med 2 \u00e5rs reklamationsret iht. G\u00e6ldende lov. Alle vores salgsbiler f\u00e5r en grundig kontrol og vi leverer altid vores biler nysynet.\" \/>\n<meta name=\"robots\" content=\"index, follow, max-snippet:-1, max-image-preview:large, max-video-preview:-1\" \/>\n<link rel=\"canonical\" href=\"https:\/\/trustauto.dk\/\" \/>\n<meta property=\"og:locale\" content=\"da_DK\" \/>\n<meta property=\"og:type\" content=\"article\" \/>\n<meta property=\"og:title\" content=\"Forside - Trust Auto\" \/>\n<meta property=\"og:description\" content=\"Hos Trust Auto i S\u00f8nderborg er h\u00f8j kvalitet omdrejningspunket for hele vores virksomhed, og vi leverer kun biler, som vi til enhver tid kan st\u00e5 inde for. Med erfaring og service s\u00f8rger vi altid for vores biler er nysynet ved levering. Hos os er priserne altid markedsdygtigte, bilerne er klargjorte p\u00e5 eget v\u00e6rksted. Tryghed og sikkerhed er n\u00f8gleord og derfor har du naturligvis garanti for at bilerne er uden restg\u00e6ld og de leveres med 2 \u00e5rs reklamationsret iht. G\u00e6ldende lov. Alle vores salgsbiler f\u00e5r en grundig kontrol og vi leverer altid vores biler nysynet.\" \/>\n<meta property=\"og:url\" content=\"https:\/\/trustauto.dk\/\" \/>\n<meta property=\"og:site_name\" content=\"Trust Auto\" \/>\n<meta property=\"article:modified_time\" content=\"2021-10-07T19:02:27+00:00\" \/>\n<meta name=\"twitter:card\" content=\"summary_large_image\" \/>\n<meta name=\"twitter:label1\" content=\"Estimeret l\u00e6setid\" \/>\n\t<meta name=\"twitter:data1\" content=\"3 minutter\" \/>\n<script type=\"application\/ld+json\" class=\"yoast-schema-graph\">{\"@context\":\"https:\/\/schema.org\",\"@graph\":[{\"@type\":\"WebSite\",\"@id\":\"http:\/\/trustauto.dk\/#website\",\"url\":\"http:\/\/trustauto.dk\/\",\"name\":\"Trust Auto\",\"description\":\"Vi s\\u00e6lger k\\u00f8regl\\u00e6de!\",\"potentialAction\":[{\"@type\":\"SearchAction\",\"target\":{\"@type\":\"EntryPoint\",\"urlTemplate\":\"http:\/\/trustauto.dk\/?s={search_term_string}\"},\"query-input\":\"required name=search_term_string\"}],\"inLanguage\":\"da-DK\"},{\"@type\":\"WebPage\",\"@id\":\"https:\/\/trustauto.dk\/#webpage\",\"url\":\"https:\/\/trustauto.dk\/\",\"name\":\"Forside - Trust Auto\",\"isPartOf\":{\"@id\":\"http:\/\/trustauto.dk\/#website\"},\"datePublished\":\"2015-09-18T09:48:28+00:00\",\"dateModified\":\"2021-10-07T19:02:27+00:00\",\"description\":\"Hos Trust Auto i S\\u00f8nderborg er h\\u00f8j kvalitet omdrejningspunket for hele vores virksomhed, og vi leverer kun biler, som vi til enhver tid kan st\\u00e5 inde for. Med erfaring og service s\\u00f8rger vi altid for vores biler er nysynet ved levering. Hos os er priserne altid markedsdygtigte, bilerne er klargjorte p\\u00e5 eget v\\u00e6rksted. Tryghed og sikkerhed er n\\u00f8gleord og derfor har du naturligvis garanti for at bilerne er uden restg\\u00e6ld og de leveres med 2 \\u00e5rs reklamationsret iht. G\\u00e6ldende lov. Alle vores salgsbiler f\\u00e5r en grundig kontrol og vi leverer altid vores biler nysynet.\",\"breadcrumb\":{\"@id\":\"https:\/\/trustauto.dk\/#breadcrumb\"},\"inLanguage\":\"da-DK\",\"potentialAction\":[{\"@type\":\"ReadAction\",\"target\":[\"https:\/\/trustauto.dk\/\"]}]},{\"@type\":\"BreadcrumbList\",\"@id\":\"https:\/\/trustauto.dk\/#breadcrumb\",\"itemListElement\":[{\"@type\":\"ListItem\",\"position\":1,\"name\":\"Hjem\",\"item\":\"https:\/\/trustauto.dk\/\"},{\"@type\":\"ListItem\",\"position\":2,\"name\":\"Forside\"}]}]}<\/script>\n<!-- \/ Yoast SEO plugin. -->","yoast_head_json":{"title":"Forside - Trust Auto","description":"Hos Trust Auto i S\u00f8nderborg er h\u00f8j kvalitet omdrejningspunket for hele vores virksomhed, og vi leverer kun biler, som vi til enhver tid kan st\u00e5 inde for. Med erfaring og service s\u00f8rger vi altid for vores biler er nysynet ved levering. Hos os er priserne altid markedsdygtigte, bilerne er klargjorte p\u00e5 eget v\u00e6rksted. Tryghed og sikkerhed er n\u00f8gleord og derfor har du naturligvis garanti for at bilerne er uden restg\u00e6ld og de leveres med 2 \u00e5rs reklamationsret iht. G\u00e6ldende lov. Alle vores salgsbiler f\u00e5r en grundig kontrol og vi leverer altid vores biler nysynet.","robots":{"index":"index","follow":"follow","max-snippet":"max-snippet:-1","max-image-preview":"max-image-preview:large","max-video-preview":"max-video-preview:-1"},"canonical":"https:\/\/trustauto.dk\/","og_locale":"da_DK","og_type":"article","og_title":"Forside - Trust Auto","og_description":"Hos Trust Auto i S\u00f8nderborg er h\u00f8j kvalitet omdrejningspunket for hele vores virksomhed, og vi leverer kun biler, som vi til enhver tid kan st\u00e5 inde for. Med erfaring og service s\u00f8rger vi altid for vores biler er nysynet ved levering. Hos os er priserne altid markedsdygtigte, bilerne er klargjorte p\u00e5 eget v\u00e6rksted. Tryghed og sikkerhed er n\u00f8gleord og derfor har du naturligvis garanti for at bilerne er uden restg\u00e6ld og de leveres med 2 \u00e5rs reklamationsret iht. G\u00e6ldende lov. Alle vores salgsbiler f\u00e5r en grundig kontrol og vi leverer altid vores biler nysynet.","og_url":"https:\/\/trustauto.dk\/","og_site_name":"Trust Auto","article_modified_time":"2021-10-07T19:02:27+00:00","twitter_card":"summary_large_image","twitter_misc":{"Estimeret l\u00e6setid":"3 minutter"},"schema":{"@context":"https:\/\/schema.org","@graph":[{"@type":"WebSite","@id":"http:\/\/trustauto.dk\/#website","url":"http:\/\/trustauto.dk\/","name":"Trust Auto","description":"Vi s\u00e6lger k\u00f8regl\u00e6de!","potentialAction":[{"@type":"SearchAction","target":{"@type":"EntryPoint","urlTemplate":"http:\/\/trustauto.dk\/?s={search_term_string}"},"query-input":"required name=search_term_string"}],"inLanguage":"da-DK"},{"@type":"WebPage","@id":"https:\/\/trustauto.dk\/#webpage","url":"https:\/\/trustauto.dk\/","name":"Forside - Trust Auto","isPartOf":{"@id":"http:\/\/trustauto.dk\/#website"},"datePublished":"2015-09-18T09:48:28+00:00","dateModified":"2021-10-07T19:02:27+00:00","description":"Hos Trust Auto i S\u00f8nderborg er h\u00f8j kvalitet omdrejningspunket for hele vores virksomhed, og vi leverer kun biler, som vi til enhver tid kan st\u00e5 inde for. Med erfaring og service s\u00f8rger vi altid for vores biler er nysynet ved levering. Hos os er priserne altid markedsdygtigte, bilerne er klargjorte p\u00e5 eget v\u00e6rksted. Tryghed og sikkerhed er n\u00f8gleord og derfor har du naturligvis garanti for at bilerne er uden restg\u00e6ld og de leveres med 2 \u00e5rs reklamationsret iht. G\u00e6ldende lov. Alle vores salgsbiler f\u00e5r en grundig kontrol og vi leverer altid vores biler nysynet.","breadcrumb":{"@id":"https:\/\/trustauto.dk\/#breadcrumb"},"inLanguage":"da-DK","potentialAction":[{"@type":"ReadAction","target":["https:\/\/trustauto.dk\/"]}]},{"@type":"BreadcrumbList","@id":"https:\/\/trustauto.dk\/#breadcrumb","itemListElement":[{"@type":"ListItem","position":1,"name":"Hjem","item":"https:\/\/trustauto.dk\/"},{"@type":"ListItem","position":2,"name":"Forside"}]}]}},"_links":{"self":[{"href":"http:\/\/trustauto.dk\/index.php\/wp-json\/wp\/v2\/pages\/4300"}],"collection":[{"href":"http:\/\/trustauto.dk\/index.php\/wp-json\/wp\/v2\/pages"}],"about":[{"href":"http:\/\/trustauto.dk\/index.php\/wp-json\/wp\/v2\/types\/page"}],"author":[{"embeddable":true,"href":"http:\/\/trustauto.dk\/index.php\/wp-json\/wp\/v2\/users\/1"}],"replies":[{"embeddable":true,"href":"http:\/\/trustauto.dk\/index.php\/wp-json\/wp\/v2\/comments?post=4300"}],"version-history":[{"count":9,"href":"http:\/\/trustauto.dk\/index.php\/wp-json\/wp\/v2\/pages\/4300\/revisions"}],"predecessor-version":[{"id":4493,"href":"http:\/\/trustauto.dk\/index.php\/wp-json\/wp\/v2\/pages\/4300\/revisions\/4493"}],"wp:attachment":[{"href":"http:\/\/trustauto.dk\/index.php\/wp-json\/wp\/v2\/media?parent=4300"}],"curies":[{"name":"wp","href":"https:\/\/api.w.org\/{rel}","templated":true}]}}